{"id":26,"date":"2018-06-18T12:35:33","date_gmt":"2018-06-18T12:35:33","guid":{"rendered":"http:\/\/www.alhaurinvistagolf.com\/?page_id=26"},"modified":"2025-06-18T07:35:22","modified_gmt":"2025-06-18T07:35:22","slug":"resort-royal-palms-mijas","status":"publish","type":"page","link":"https:\/\/royalpalmsmijas-slg.com\/cs\/resort-royal-palms-mijas\/","title":{"rendered":"Komplex"},"content":{"rendered":"<div  class=\"content_row row vc_row wpb_row  default-style fullwidth\" >\n\t\n\t<div class=\"content_row_wrapper  default\" >\n\t<div id=\"asdasd\" class=\"vc_col-sm-12 wpb_column vc_column_container\" >\n\t<div class=\"vc_column-inner\">\n\t\t<div class=\"wpb_wrapper\" >\n\t\t\t<div class=\"wpb_revslider_element wpb_content_element\">\n<div id=\"rev_slider_6_1_wrapper\" class=\"rev_slider_wrapper fullwidthbanner-container\" data-source=\"gallery\" style=\"margin:0px auto;background:transparent;padding:0px;margin-top:0px;margin-bottom:0px;\">\n<!-- START REVOLUTION SLIDER 5.4.7.3 fullwidth mode -->\n\t<div id=\"rev_slider_6_1\" class=\"rev_slider fullwidthabanner\" style=\"display:none;\" data-version=\"5.4.7.3\">\n<ul>\t<!-- SLIDE  -->\n\t<li data-index=\"rs-8\" data-transition=\"fade\" data-slotamount=\"default\" data-hideafterloop=\"0\" data-hideslideonmobile=\"off\"  data-easein=\"default\" data-easeout=\"default\" data-masterspeed=\"300\"  data-rotate=\"0\"  data-saveperformance=\"off\"  data-ssop=\"true\"  data-title=\"Slide\" data-param1=\"\" data-param2=\"\" data-param3=\"\" data-param4=\"\" data-param5=\"\" data-param6=\"\" data-param7=\"\" data-param8=\"\" data-param9=\"\" data-param10=\"\" data-description=\"\">\n\t\t<!-- MAIN IMAGE -->\n\t\t<img decoding=\"async\" src=\"https:\/\/royalpalmsmijas-slg.com\/wp-content\/plugins\/revslider\/admin\/assets\/images\/transparent.png\"  alt=\"\" title=\"Komplex\"  data-bgposition=\"center center\" data-bgfit=\"cover\" data-bgrepeat=\"no-repeat\" class=\"rev-slidebg\" data-no-retina>\n\t\t<!-- LAYERS -->\n\n\t\t<!-- LAYER NR. 1 -->\n\t\t<div class=\"tp-caption   tp-resizeme\" \n\t\t\t id=\"slide-8-layer-11\" \n\t\t\t data-x=\"center\" data-hoffset=\"\" \n\t\t\t data-y=\"center\" data-voffset=\"\" \n\t\t\t\t\t\tdata-width=\"['none','none','none','none']\"\n\t\t\tdata-height=\"['none','none','none','none']\"\n \n\t\t\tdata-type=\"image\" \n\t\t\tdata-responsive_offset=\"on\" \n\n\t\t\tdata-frames='[{\"delay\":0,\"speed\":300,\"frame\":\"0\",\"from\":\"opacity:0;\",\"to\":\"o:1;\",\"ease\":\"Power3.easeInOut\"},{\"delay\":\"wait\",\"speed\":300,\"frame\":\"999\",\"to\":\"opacity:0;\",\"ease\":\"Power3.easeInOut\"}]'\n\t\t\tdata-textalign=\"['inherit','inherit','inherit','inherit']\"\n\t\t\tdata-paddingtop=\"[0,0,0,0]\"\n\t\t\tdata-paddingright=\"[0,0,0,0]\"\n\t\t\tdata-paddingbottom=\"[0,0,0,0]\"\n\t\t\tdata-paddingleft=\"[0,0,0,0]\"\n\n\t\t\tstyle=\"z-index: 5;\"><img decoding=\"async\" src=\"https:\/\/royalpalmmijas.com\/wp-content\/uploads\/2021\/07\/header_main_RP.jpg\" alt=\"\" data-ww=\"1460\" data-hh=\"703\" data-no-retina> <\/div>\n\t<\/li>\n<\/ul>\n<div class=\"tp-bannertimer tp-bottom\" style=\"visibility: hidden !important;\"><\/div>\t<\/div>\n<script>var htmlDiv = document.getElementById(\"rs-plugin-settings-inline-css\"); var htmlDivCss=\"\";\r\n\t\t\t\tif(htmlDiv) {\r\n\t\t\t\t\thtmlDiv.innerHTML = htmlDiv.innerHTML + htmlDivCss;\r\n\t\t\t\t}else{\r\n\t\t\t\t\tvar htmlDiv = document.createElement(\"div\");\r\n\t\t\t\t\thtmlDiv.innerHTML = \"<style>\" + htmlDivCss + \"<\/style>\";\r\n\t\t\t\t\tdocument.getElementsByTagName(\"head\")[0].appendChild(htmlDiv.childNodes[0]);\r\n\t\t\t\t}\r\n\t\t\t<\/script>\n\t\t<script type=\"text\/javascript\">\r\nif (setREVStartSize!==undefined) setREVStartSize(\r\n\t{c: '#rev_slider_6_1', gridwidth: [1240], gridheight: [464], sliderLayout: 'fullwidth'});\r\n\t\t\t\r\nvar revapi6,\r\n\ttpj;\t\r\n(function() {\t\t\t\r\n\tif (!\/loaded|interactive|complete\/.test(document.readyState)) document.addEventListener(\"DOMContentLoaded\",onLoad); else onLoad();\t\r\n\tfunction onLoad() {\t\t\t\t\r\n\t\tif (tpj===undefined) { tpj = jQuery; if(\"off\" == \"on\") tpj.noConflict();}\r\n\tif(tpj(\"#rev_slider_6_1\").revolution == undefined){\n\t\trevslider_showDoubleJqueryError(\"#rev_slider_6_1\");\n\t}else{\n\t\trevapi6 = tpj(\"#rev_slider_6_1\").show().revolution({\n\t\t\tsliderType:\"standard\",\n\t\t\tjsFileLocation:\"\/\/royalpalmsmijas-slg.com\/wp-content\/plugins\/revslider\/public\/assets\/js\/\",\n\t\t\tsliderLayout:\"fullwidth\",\n\t\t\tdottedOverlay:\"none\",\n\t\t\tdelay:6000,\n\t\t\tnavigation: {\n\t\t\t\tonHoverStop:\"off\",\n\t\t\t},\n\t\t\tvisibilityLevels:[1240,1024,778,480],\n\t\t\tgridwidth:1240,\n\t\t\tgridheight:464,\n\t\t\tlazyType:\"none\",\n\t\t\tshadow:0,\n\t\t\tspinner:\"spinner0\",\n\t\t\tstopLoop:\"off\",\n\t\t\tstopAfterLoops:-1,\n\t\t\tstopAtSlide:-1,\n\t\t\tshuffle:\"off\",\n\t\t\tautoHeight:\"off\",\n\t\t\tdisableProgressBar:\"on\",\n\t\t\thideThumbsOnMobile:\"off\",\n\t\t\thideSliderAtLimit:0,\n\t\t\thideCaptionAtLimit:0,\n\t\t\thideAllCaptionAtLilmit:0,\n\t\t\tdebugMode:false,\n\t\t\tfallbacks: {\n\t\t\t\tsimplifyAll:\"off\",\n\t\t\t\tnextSlideOnWindowFocus:\"off\",\n\t\t\t\tdisableFocusListener:false,\n\t\t\t}\n\t\t});\n\t}; \/* END OF revapi call *\/\n\t\n }; \/* END OF ON LOAD FUNCTION *\/\r\n}()); \/* END OF WRAPPING FUNCTION *\/\r\n<\/script>\r\n\t\t<\/div><!-- END REVOLUTION SLIDER --><\/div>\n\t\t<\/div>\n\t<\/div>\n\t<\/div>\n\n<\/div>\n<\/div>\n\n<div  class=\"content_row row vc_row wpb_row  default-style fullwidth\" >\n\t\n\t<div class=\"content_row_wrapper  default\" >\n\t<div id=\"asdasd\" class=\"vc_col-sm-12 wpb_column vc_column_container\" >\n\t<div class=\"vc_column-inner\">\n\t\t<div class=\"wpb_wrapper\" >\n\t\t\t\n\t<div class=\"wpb_text_column wpb_content_element\" >\n\t\t<div class=\"wpb_wrapper\">\n\t\t\t<p><strong><em>O Royal Palms IV \u2013 Mijas Costa<\/em><\/strong><\/p>\n<p><span style=\"font-weight: 400;\">Nov\u011b vybudovan\u00fd resort Royal Palms Mijas IV se nach\u00e1z\u00ed na kopc\u00edch nad Mijas Costa s nep\u0159ekonateln\u00fdm v\u00fdhledem na St\u0159edozemn\u00ed mo\u0159e a nedaleko golfov\u00e9ho h\u0159i\u0161t\u011b Mijas.\u00a0<\/span><\/p>\n<p><span style=\"font-weight: 400;\">Royal Palms byl postaven v modern\u00edm architektonick\u00e9m stylu developerem projekt\u016f s v\u00edce ne\u017e 20 lety zku\u0161enost\u00ed s v\u00fdstavbou \u0159ady ocen\u011bn\u00fdch resort\u016f. V\u011bd\u011bli jste, \u017ee Royal Palms Phase I se v roce 2023 stala v\u00edt\u011bzem v kategorii \u201eReziden\u010dn\u00ed developersk\u00e9 projekty ve \u0160pan\u011blsku\u201c v t\u00e9to presti\u017en\u00ed sout\u011b\u017ei?\u00a0 <strong>European Property Awards<\/strong> ? Fantastick\u00e9 doporu\u010den\u00ed z oboru pro tento \u00fa\u017easn\u00fd v\u00fdvoj.<\/span><\/p>\n<p><span style=\"font-weight: 400;\">Slunn\u00e9 m\u00edsto k \u017eivotu a\/nebo bezpe\u010dn\u00e1 a spolehliv\u00e1 investice. Nach\u00e1z\u00ed se na kopci pobl\u00ed\u017e pob\u0159e\u017e\u00ed v srdci Costa del Sol. V srdci tohoto kosmopolitn\u00edho m\u011bsta se ka\u017ed\u00fd rychle c\u00edt\u00ed jako doma. A\u0165 u\u017e chcete relaxovat na p\u00edse\u010dn\u00e9 pl\u00e1\u017ei, vychutnat si lahodn\u00e9 j\u00eddlo a pit\u00ed, prozkoumat p\u0159\u00edrodu, sportovat, nakupovat nebo hledat dobrodru\u017estv\u00ed ve vnitrozem\u00ed, v\u0161e je mo\u017en\u00e9 a ka\u017ed\u00fd si zde najde to sv\u00e9. Celoro\u010dn\u011b a pro ty, kte\u0159\u00ed to cht\u011bj\u00ed, 24 hodin denn\u011b, a to i po z\u00e1padu slunce.\u00a0<\/span><\/p>\n<p><span style=\"font-weight: 400;\">V prvn\u00ed f\u00e1zi si m\u016f\u017eete vybrat z kr\u00e1sn\u011b situovan\u00fdch apartm\u00e1n\u016f a penthous\u016f \u2013 v\u0161echny s v\u00fdhledem na mo\u0159e.<\/span><\/p>\n<p style=\"text-align: left;\">NYN\u00cd ROYAL PALMS IV V PRODEJI!<\/p>\n<p><span style=\"font-weight: 400;\">V kv\u011btnu 2021 byla ofici\u00e1ln\u011b zah\u00e1jena v\u00fdstavba prvn\u00ed f\u00e1ze tohoto fantastick\u00e9ho komplexu. Josele Gonz\u00e1lez, starosta Mijasu, spolu s developery zakopali \u010dasovou kapsli hluboko do zem\u011b na m\u00edst\u011b, kde se stav\u00ed tento kr\u00e1sn\u00fd nov\u00fd komplex Royal Palms. Nakonec na svahu Mijasu vyrostou stovky dom\u016f. Projekt bude realizov\u00e1n v n\u011bkolika f\u00e1z\u00edch. Nyn\u00ed je na prodej. <strong>Royal Palms f\u00e1ze IV<\/strong>.<\/span><\/p>\n<p><em>Ceny ve f\u00e1zi IV za\u010d\u00ednaj\u00ed na 510 000 eurech za byty se 2 lo\u017enicemi a 2 koupelnami o zastav\u011bn\u00e9 plo\u0161e 75 a\u017e 90 m2 a prostornou terasou.<\/em><\/p>\n<p>Prodej t\u00e9to nov\u00e9 f\u00e1ze prob\u00edh\u00e1 neuv\u011b\u0159iteln\u011b rychle. Prodej f\u00e1ze IV za\u010dal v prosinci 2023 a nyn\u00ed \u2013 v lednu 2024 \u2013 je ji\u017e prod\u00e1na v\u00edce ne\u017e polovina! Proto si posp\u011b\u0161te a vy\u017e\u00e1dejte si bro\u017euru s p\u0159ehledem dostupn\u00fdch dom\u016f a cen. Rychle tak obdr\u017e\u00edte v\u0161echny podrobnosti, dispozice a um\u00edst\u011bn\u00ed dom\u016f spolu s jejich cenami.<\/p>\n\n\t\t<\/div>\n\t<\/div>\n<div class=\"vc_btn3-container  photo-button vc_btn3-center\" ><a style=\"background-color:#bbaa85; color:#ffffff;\" class=\"vc_general vc_btn3 vc_btn3-size-lg vc_btn3-shape-square vc_btn3-style-custom\" href=\"https:\/\/royalpalmmijas.com\/meer-info\/\" title=\"V\u00edce informac\u00ed\">V\u00cdCE INFORMAC\u00cd<\/a><\/div>\n\t<div class=\"wpb_text_column wpb_content_element\" >\n\t\t<div class=\"wpb_wrapper\">\n\t\t\t<ul>\n<li>Venkovn\u00ed fitness<\/li>\n<li>Sout\u011b\u017en\u00ed baz\u00e9n<\/li>\n<li>Bar u baz\u00e9nu<\/li>\n<li>D\u011btsk\u00fd baz\u00e9n<\/li>\n<li>Zelen\u00e9 zahrady<\/li>\n<li>Turistick\u00e9 stezky na pl\u00e1\u017e<\/li>\n<li>V\u00fdborn\u00e1 zvukov\u00e1 izolace<\/li>\n<li>10let\u00e1 z\u00e1ruka na konstrukci<\/li>\n<li>\u0160pi\u010dkov\u00e9 energetick\u00e9 pr\u016fkazy<\/li>\n<li>V\u00fdhodn\u00e9 platebn\u00ed podm\u00ednky;<\/li>\n<\/ul>\n<p><strong>Ceny:<\/strong><\/p>\n<ul>\n<li>\n<p style=\"font-weight: 400;\">Apartm\u00e1ny s jednou lo\u017enic\u00ed a jednou koupelnou maj\u00ed rozlohu 60 m\u00b2 plus prostornou terasu. Ceny za\u010d\u00ednaj\u00ed od 420 000 EUR.<\/p>\n<\/li>\n<li>\n<p style=\"font-weight: 400;\">Apartm\u00e1ny se 2 lo\u017enicemi a 2 koupelnami maj\u00ed velikost od 75 do 90 m\u00b2 a k dispozici je i prostorn\u00e1 terasa. Ceny za\u010d\u00ednaj\u00ed na 620 000 EUR.<\/p>\n<\/li>\n<li>\n<p style=\"font-weight: 400;\">Apartm\u00e1ny se 3 lo\u017enicemi a 2 koupelnami maj\u00ed rozlohu 90 a\u017e 110 m\u00b2 a k dispozici je prostorn\u00e1 terasa. Vyprod\u00e1no!<\/p>\n<\/li>\n<li>\n<p style=\"font-weight: 400;\">Penthousy se 2 lo\u017enicemi a 2 koupelnami maj\u00ed rozlohu mezi 90 a 120 m2 a prostornou terasu. Vyprod\u00e1no!<\/p>\n<\/li>\n<li>\n<p style=\"font-weight: 400;\">Penthousy se 3 lo\u017enicemi a 2 koupelnami maj\u00ed rozlohu od 100 do 130 m2 a k dispozici je i prostorn\u00e1 terasa. Ceny od 1 300 000 eur.<\/p>\n<\/li>\n<\/ul>\n<p><strong>Zp\u016fsob platby:<\/strong><\/p>\n<ul>\n<li>z\u00e1loha 6000 do rezervace<\/li>\n<li>se soukromou smlouvou 15%<\/li>\n<li>O 6 m\u011bs\u00edc\u016f pozd\u011bji dal\u0161\u00ed 15%<\/li>\n<li>doru\u010denkou u not\u00e1\u0159e zb\u00fdvaj\u00edc\u00ed \u010d\u00e1stku 70%<\/li>\n<\/ul>\n\n\t\t<\/div>\n\t<\/div>\n<div class=\"vc_btn3-container  photo-button vc_btn3-center\" ><a style=\"background-color:#bbaa85; color:#ffffff;\" class=\"vc_general vc_btn3 vc_btn3-size-lg vc_btn3-shape-square vc_btn3-style-custom\" href=\"https:\/\/royalpalmmijas.com\/meer-info\/\" title=\"V\u00edce informac\u00ed\">V\u00cdCE INFORMAC\u00cd<\/a><\/div>\n\t\t<\/div>\n\t<\/div>\n\t<\/div>\n\n<\/div>\n<\/div>","protected":false},"excerpt":{"rendered":"<p>&#8230; <a class=\"more-link\" href=\"https:\/\/royalpalmsmijas-slg.com\/cs\/resort-royal-palms-mijas\/\">pokra\u010dovat ve \u010dten\u00ed<\/a><\/p>","protected":false},"author":1,"featured_media":0,"parent":0,"menu_order":0,"comment_status":"closed","ping_status":"closed","template":"","meta":{"footnotes":""},"class_list":["post-26","page","type-page","status-publish","hentry"],"_links":{"self":[{"href":"https:\/\/royalpalmsmijas-slg.com\/cs\/wp-json\/wp\/v2\/pages\/26","targetHints":{"allow":["GET"]}}],"collection":[{"href":"https:\/\/royalpalmsmijas-slg.com\/cs\/wp-json\/wp\/v2\/pages"}],"about":[{"href":"https:\/\/royalpalmsmijas-slg.com\/cs\/wp-json\/wp\/v2\/types\/page"}],"author":[{"embeddable":true,"href":"https:\/\/royalpalmsmijas-slg.com\/cs\/wp-json\/wp\/v2\/users\/1"}],"replies":[{"embeddable":true,"href":"https:\/\/royalpalmsmijas-slg.com\/cs\/wp-json\/wp\/v2\/comments?post=26"}],"version-history":[{"count":33,"href":"https:\/\/royalpalmsmijas-slg.com\/cs\/wp-json\/wp\/v2\/pages\/26\/revisions"}],"predecessor-version":[{"id":3355,"href":"https:\/\/royalpalmsmijas-slg.com\/cs\/wp-json\/wp\/v2\/pages\/26\/revisions\/3355"}],"wp:attachment":[{"href":"https:\/\/royalpalmsmijas-slg.com\/cs\/wp-json\/wp\/v2\/media?parent=26"}],"curies":[{"name":"wp","href":"https:\/\/api.w.org\/{rel}","templated":true}]}}