{"id":26,"date":"2018-06-18T12:35:33","date_gmt":"2018-06-18T12:35:33","guid":{"rendered":"http:\/\/www.alhaurinvistagolf.com\/?page_id=26"},"modified":"2026-04-28T12:57:55","modified_gmt":"2026-04-28T12:57:55","slug":"resort-royal-palms-mijas","status":"publish","type":"page","link":"https:\/\/royalpalmsmijas-slg.com\/de\/der-komplex\/","title":{"rendered":"Der Komplex"},"content":{"rendered":"<div  class=\"content_row row vc_row wpb_row  default-style fullwidth\" >\n\t\n\t<div class=\"content_row_wrapper  default\" >\n\t<div id=\"asdasd\" class=\"vc_col-sm-12 wpb_column vc_column_container\" >\n\t<div class=\"vc_column-inner\">\n\t\t<div class=\"wpb_wrapper\" >\n\t\t\t<div class=\"wpb_revslider_element wpb_content_element\">\n<div id=\"rev_slider_6_1_wrapper\" class=\"rev_slider_wrapper fullwidthbanner-container\" data-source=\"gallery\" style=\"margin:0px auto;background:transparent;padding:0px;margin-top:0px;margin-bottom:0px;\">\n<!-- START REVOLUTION SLIDER 5.4.7.3 fullwidth mode -->\n\t<div id=\"rev_slider_6_1\" class=\"rev_slider fullwidthabanner\" style=\"display:none;\" data-version=\"5.4.7.3\">\n<ul>\t<!-- SLIDE  -->\n\t<li data-index=\"rs-8\" data-transition=\"fade\" data-slotamount=\"default\" data-hideafterloop=\"0\" data-hideslideonmobile=\"off\"  data-easein=\"default\" data-easeout=\"default\" data-masterspeed=\"300\"  data-rotate=\"0\"  data-saveperformance=\"off\"  data-ssop=\"true\"  data-title=\"Slide\" data-param1=\"\" data-param2=\"\" data-param3=\"\" data-param4=\"\" data-param5=\"\" data-param6=\"\" data-param7=\"\" data-param8=\"\" data-param9=\"\" data-param10=\"\" data-description=\"\">\n\t\t<!-- MAIN IMAGE -->\n\t\t<img decoding=\"async\" src=\"https:\/\/royalpalmsmijas-slg.com\/wp-content\/plugins\/revslider\/admin\/assets\/images\/transparent.png\"  alt=\"\" title=\"Der Komplex\"  data-bgposition=\"center center\" data-bgfit=\"cover\" data-bgrepeat=\"no-repeat\" class=\"rev-slidebg\" data-no-retina>\n\t\t<!-- LAYERS -->\n\n\t\t<!-- LAYER NR. 1 -->\n\t\t<div class=\"tp-caption   tp-resizeme\" \n\t\t\t id=\"slide-8-layer-11\" \n\t\t\t data-x=\"center\" data-hoffset=\"\" \n\t\t\t data-y=\"center\" data-voffset=\"\" \n\t\t\t\t\t\tdata-width=\"['none','none','none','none']\"\n\t\t\tdata-height=\"['none','none','none','none']\"\n \n\t\t\tdata-type=\"image\" \n\t\t\tdata-responsive_offset=\"on\" \n\n\t\t\tdata-frames='[{\"delay\":0,\"speed\":300,\"frame\":\"0\",\"from\":\"opacity:0;\",\"to\":\"o:1;\",\"ease\":\"Power3.easeInOut\"},{\"delay\":\"wait\",\"speed\":300,\"frame\":\"999\",\"to\":\"opacity:0;\",\"ease\":\"Power3.easeInOut\"}]'\n\t\t\tdata-textalign=\"['inherit','inherit','inherit','inherit']\"\n\t\t\tdata-paddingtop=\"[0,0,0,0]\"\n\t\t\tdata-paddingright=\"[0,0,0,0]\"\n\t\t\tdata-paddingbottom=\"[0,0,0,0]\"\n\t\t\tdata-paddingleft=\"[0,0,0,0]\"\n\n\t\t\tstyle=\"z-index: 5;\"><img decoding=\"async\" src=\"https:\/\/royalpalmmijas.com\/wp-content\/uploads\/2021\/07\/header_main_RP.jpg\" alt=\"\" data-ww=\"1460\" data-hh=\"703\" data-no-retina> <\/div>\n\t<\/li>\n<\/ul>\n<div class=\"tp-bannertimer tp-bottom\" style=\"visibility: hidden !important;\"><\/div>\t<\/div>\n<script>var htmlDiv = document.getElementById(\"rs-plugin-settings-inline-css\"); var htmlDivCss=\"\";\r\n\t\t\t\tif(htmlDiv) {\r\n\t\t\t\t\thtmlDiv.innerHTML = htmlDiv.innerHTML + htmlDivCss;\r\n\t\t\t\t}else{\r\n\t\t\t\t\tvar htmlDiv = document.createElement(\"div\");\r\n\t\t\t\t\thtmlDiv.innerHTML = \"<style>\" + htmlDivCss + \"<\/style>\";\r\n\t\t\t\t\tdocument.getElementsByTagName(\"head\")[0].appendChild(htmlDiv.childNodes[0]);\r\n\t\t\t\t}\r\n\t\t\t<\/script>\n\t\t<script type=\"text\/javascript\">\r\nif (setREVStartSize!==undefined) setREVStartSize(\r\n\t{c: '#rev_slider_6_1', gridwidth: [1240], gridheight: [464], sliderLayout: 'fullwidth'});\r\n\t\t\t\r\nvar revapi6,\r\n\ttpj;\t\r\n(function() {\t\t\t\r\n\tif (!\/loaded|interactive|complete\/.test(document.readyState)) document.addEventListener(\"DOMContentLoaded\",onLoad); else onLoad();\t\r\n\tfunction onLoad() {\t\t\t\t\r\n\t\tif (tpj===undefined) { tpj = jQuery; if(\"off\" == \"on\") tpj.noConflict();}\r\n\tif(tpj(\"#rev_slider_6_1\").revolution == undefined){\n\t\trevslider_showDoubleJqueryError(\"#rev_slider_6_1\");\n\t}else{\n\t\trevapi6 = tpj(\"#rev_slider_6_1\").show().revolution({\n\t\t\tsliderType:\"standard\",\n\t\t\tjsFileLocation:\"\/\/royalpalmsmijas-slg.com\/wp-content\/plugins\/revslider\/public\/assets\/js\/\",\n\t\t\tsliderLayout:\"fullwidth\",\n\t\t\tdottedOverlay:\"none\",\n\t\t\tdelay:6000,\n\t\t\tnavigation: {\n\t\t\t\tonHoverStop:\"off\",\n\t\t\t},\n\t\t\tvisibilityLevels:[1240,1024,778,480],\n\t\t\tgridwidth:1240,\n\t\t\tgridheight:464,\n\t\t\tlazyType:\"none\",\n\t\t\tshadow:0,\n\t\t\tspinner:\"spinner0\",\n\t\t\tstopLoop:\"off\",\n\t\t\tstopAfterLoops:-1,\n\t\t\tstopAtSlide:-1,\n\t\t\tshuffle:\"off\",\n\t\t\tautoHeight:\"off\",\n\t\t\tdisableProgressBar:\"on\",\n\t\t\thideThumbsOnMobile:\"off\",\n\t\t\thideSliderAtLimit:0,\n\t\t\thideCaptionAtLimit:0,\n\t\t\thideAllCaptionAtLilmit:0,\n\t\t\tdebugMode:false,\n\t\t\tfallbacks: {\n\t\t\t\tsimplifyAll:\"off\",\n\t\t\t\tnextSlideOnWindowFocus:\"off\",\n\t\t\t\tdisableFocusListener:false,\n\t\t\t}\n\t\t});\n\t}; \/* END OF revapi call *\/\n\t\n }; \/* END OF ON LOAD FUNCTION *\/\r\n}()); \/* END OF WRAPPING FUNCTION *\/\r\n<\/script>\r\n\t\t<\/div><!-- END REVOLUTION SLIDER --><\/div>\n\t\t<\/div>\n\t<\/div>\n\t<\/div>\n\n<\/div>\n<\/div>\n\n<div  class=\"content_row row vc_row wpb_row  default-style fullwidth\" >\n\t\n\t<div class=\"content_row_wrapper  default\" >\n\t<div id=\"asdasd\" class=\"vc_col-sm-12 wpb_column vc_column_container\" >\n\t<div class=\"vc_column-inner\">\n\t\t<div class=\"wpb_wrapper\" >\n\t\t\t\n\t<div class=\"wpb_text_column wpb_content_element\" >\n\t\t<div class=\"wpb_wrapper\">\n\t\t\t<p><strong><em>\u00dcber Royal Palms IV \u2013 Mijas Costa<\/em><\/strong><\/p>\n<p><span style=\"font-weight: 400;\">Das neu erbaute Royal Palms Mijas IV Resort liegt auf den H\u00fcgeln oberhalb von Mijas Costa mit unschlagbarem Blick \u00fcber das Mittelmeer und in der N\u00e4he des Golfplatzes Mijas.\u00a0<\/span><\/p>\n<p><span style=\"font-weight: 400;\">Royal Palms wurde in moderner Architektur von einem Projektentwickler mit \u00fcber 20 Jahren Erfahrung in der Entwicklung zahlreicher preisgekr\u00f6nter Resorts erbaut. Wussten Sie, dass Royal Palms Phase I bei dem renommierten Wettbewerb 2023 in der Kategorie \u201eWohnanlagen in Spanien\u201c als Gewinner hervorging?\u00a0 <strong>Europ\u00e4ische Immobilienpreise<\/strong> ? Eine fantastische Empfehlung der Branche f\u00fcr diese wunderbare Entwicklung.<\/span><\/p>\n<p><span style=\"font-weight: 400;\">Ein sonniger Ort zum Leben und\/oder eine sichere und solide Investition. Auf einem H\u00fcgel nahe der K\u00fcste im Herzen der Costa del Sol gelegen. Im Herzen dieser kosmopolitischen Stadt f\u00fchlt sich jeder schnell wohl. Ob Sie am Sandstrand entspannen, leckeres Essen und Trinken genie\u00dfen, die Natur erkunden, Sport treiben, einkaufen oder Abenteuer im Hinterland suchen m\u00f6chten, alles ist m\u00f6glich und f\u00fcr jeden ist etwas dabei. Das ganze Jahr \u00fcber und auf Wunsch 24 Stunden am Tag, auch nach Sonnenuntergang.\u00a0<\/span><\/p>\n<p><span style=\"font-weight: 400;\">In der ersten Phase k\u00f6nnen Sie aus wundersch\u00f6n gelegenen Apartments und Penth\u00e4usern w\u00e4hlen \u2013 alle mit Meerblick.<\/span><\/p>\n<p style=\"text-align: left;\">ROYAL PALMS IV JETZT IM ANGEBOT!<\/p>\n<p><span style=\"font-weight: 400;\">Im Mai 2021 erfolgte der offizielle Spatenstich f\u00fcr die erste Phase dieses fantastischen Komplexes. Josele Gonz\u00e1lez, der B\u00fcrgermeister von Mijas, vergrub zusammen mit den Bautr\u00e4gern eine Zeitkapsel tief im Boden an der Stelle, an der dieser wundersch\u00f6ne neue Royal Palms-Komplex entsteht. Letztendlich werden Hunderte von H\u00e4usern am Hang von Mijas gebaut. Das Projekt wird in mehreren Phasen entwickelt. Es steht jetzt zum Verkauf. <strong>Royal Palms Phase IV<\/strong>.<\/span><\/p>\n<p><em>Die Preise f\u00fcr Phase IV beginnen bei 510.000 \u20ac f\u00fcr Apartments mit 2 Schlafzimmern und 2 B\u00e4dern und einer bebauten Fl\u00e4che zwischen 75 und 90 m2 plus einer ger\u00e4umigen Terrasse.<\/em><\/p>\n<p>Der Verkauf dieser neuen Phase l\u00e4uft rasend schnell. Der Verkauf der Phase IV begann im Dezember 2023, und jetzt \u2013 im Januar 2024 \u2013 ist bereits mehr als die H\u00e4lfte verkauft! Beeilen Sie sich also und fordern Sie jetzt die Brosch\u00fcre mit einer \u00dcbersicht der verf\u00fcgbaren H\u00e4user und Preise an. Sie erhalten dann in K\u00fcrze alle Details, Grundrisse und Standorte der H\u00e4user sowie deren Preise.<\/p>\n\n\t\t<\/div>\n\t<\/div>\n<div class=\"vc_btn3-container  photo-button vc_btn3-center\" ><a style=\"background-color:#bbaa85; color:#ffffff;\" class=\"vc_general vc_btn3 vc_btn3-size-lg vc_btn3-shape-square vc_btn3-style-custom\" href=\"https:\/\/royalpalmmijas.com\/meer-info\/\" title=\"Mehr Info\">MEHR INFO<\/a><\/div>\n\t<div class=\"wpb_text_column wpb_content_element\" >\n\t\t<div class=\"wpb_wrapper\">\n\t\t\t<ul>\n<li>Outdoor-Fitness<\/li>\n<li>Wettkampfschwimmbad<\/li>\n<li>Poolbar<\/li>\n<li>Kinderbecken<\/li>\n<li>Gr\u00fcne G\u00e4rten<\/li>\n<li>Wanderwege zum Strand<\/li>\n<li>Hervorragende Schalld\u00e4mmung<\/li>\n<li>10 Jahre Baugarantie<\/li>\n<li>Top Energiezertifikate<\/li>\n<li>G\u00fcnstige Zahlungsbedingungen;<\/li>\n<\/ul>\n<p><strong>Preise:<\/strong><\/p>\n<ul>\n<li>\n<p style=\"font-weight: 400;\">Die Apartments mit einem Schlafzimmer und einem Badezimmer bieten eine Wohnfl\u00e4che von 60 m\u00b2 zuz\u00fcglich einer ger\u00e4umigen Terrasse.\u00a0<strong>VERKAUFT !<\/strong><\/p>\n<\/li>\n<li>\n<p style=\"font-weight: 400;\">Die Apartments mit 2 Schlafzimmern und 2 B\u00e4dern bieten eine Wohnfl\u00e4che von 75 bis 90 m\u00b2 zuz\u00fcglich einer ger\u00e4umigen Terrasse.\u00a0<strong>VERKAUFT !<\/strong><\/p>\n<\/li>\n<li>\n<p style=\"font-weight: 400;\">Die Wohnungen mit 3 Schlafzimmern und 2 B\u00e4dern bieten eine Wohnfl\u00e4che zwischen 90 und 110 m\u00b2 zuz\u00fcglich einer ger\u00e4umigen Terrasse \u2013 <strong>ab 929.000 Euro<\/strong><\/p>\n<\/li>\n<li>\n<p style=\"font-weight: 400;\">Die Penth\u00e4user mit 2 Schlafzimmern und 2 Badezimmern bieten eine Wohnfl\u00e4che zwischen 90 und 120 m\u00b2 zuz\u00fcglich einer ger\u00e4umigen Terrasse.\u00a0<strong>VERKAUFT !<\/strong><\/p>\n<\/li>\n<li>\n<p style=\"font-weight: 400;\">Die Penth\u00e4user mit 3 Schlafzimmern und 2 Badezimmern bieten eine Wohnfl\u00e4che zwischen 100 und 130 m\u00b2 zuz\u00fcglich einer ger\u00e4umigen Terrasse.\u00a0\u00a0<strong>ab 1.400.000 Euro<\/strong><\/p>\n<\/li>\n<\/ul>\n<p><strong>Zahlung:<\/strong><\/p>\n<ul>\n<li>6.000 einzahlen, um zu reservieren<\/li>\n<li>mit Privatvertrag 15%<\/li>\n<li>6 Monate sp\u00e4ter weitere 15%<\/li>\n<li>per Urkunde bei \u00dcbergabe beim Notar den Restbetrag von 70%<\/li>\n<\/ul>\n\n\t\t<\/div>\n\t<\/div>\n<div class=\"vc_btn3-container  photo-button vc_btn3-center\" ><a style=\"background-color:#bbaa85; color:#ffffff;\" class=\"vc_general vc_btn3 vc_btn3-size-lg vc_btn3-shape-square vc_btn3-style-custom\" href=\"https:\/\/royalpalmmijas.com\/meer-info\/\" title=\"Mehr Info\">MEHR INFO<\/a><\/div>\n\t\t<\/div>\n\t<\/div>\n\t<\/div>\n\n<\/div>\n<\/div>","protected":false},"excerpt":{"rendered":"<p>&#8230; <a class=\"more-link\" href=\"https:\/\/royalpalmsmijas-slg.com\/de\/der-komplex\/\">Weiterlesen<\/a><\/p>","protected":false},"author":1,"featured_media":0,"parent":0,"menu_order":0,"comment_status":"closed","ping_status":"closed","template":"","meta":{"footnotes":""},"class_list":["post-26","page","type-page","status-publish","hentry"],"_links":{"self":[{"href":"https:\/\/royalpalmsmijas-slg.com\/de\/wp-json\/wp\/v2\/pages\/26","targetHints":{"allow":["GET"]}}],"collection":[{"href":"https:\/\/royalpalmsmijas-slg.com\/de\/wp-json\/wp\/v2\/pages"}],"about":[{"href":"https:\/\/royalpalmsmijas-slg.com\/de\/wp-json\/wp\/v2\/types\/page"}],"author":[{"embeddable":true,"href":"https:\/\/royalpalmsmijas-slg.com\/de\/wp-json\/wp\/v2\/users\/1"}],"replies":[{"embeddable":true,"href":"https:\/\/royalpalmsmijas-slg.com\/de\/wp-json\/wp\/v2\/comments?post=26"}],"version-history":[{"count":34,"href":"https:\/\/royalpalmsmijas-slg.com\/de\/wp-json\/wp\/v2\/pages\/26\/revisions"}],"predecessor-version":[{"id":3360,"href":"https:\/\/royalpalmsmijas-slg.com\/de\/wp-json\/wp\/v2\/pages\/26\/revisions\/3360"}],"wp:attachment":[{"href":"https:\/\/royalpalmsmijas-slg.com\/de\/wp-json\/wp\/v2\/media?parent=26"}],"curies":[{"name":"wp","href":"https:\/\/api.w.org\/{rel}","templated":true}]}}