{"id":26,"date":"2018-06-18T12:35:33","date_gmt":"2018-06-18T12:35:33","guid":{"rendered":"http:\/\/www.alhaurinvistagolf.com\/?page_id=26"},"modified":"2025-06-18T07:35:22","modified_gmt":"2025-06-18T07:35:22","slug":"resort-royal-palms-mijas","status":"publish","type":"page","link":"https:\/\/royalpalmsmijas-slg.com\/fr\/le-complexe\/","title":{"rendered":"Le complexe"},"content":{"rendered":"<div  class=\"content_row row vc_row wpb_row  default-style fullwidth\" >\n\t\n\t<div class=\"content_row_wrapper  default\" >\n\t<div id=\"asdasd\" class=\"vc_col-sm-12 wpb_column vc_column_container\" >\n\t<div class=\"vc_column-inner\">\n\t\t<div class=\"wpb_wrapper\" >\n\t\t\t<div class=\"wpb_revslider_element wpb_content_element\">\n<div id=\"rev_slider_6_1_wrapper\" class=\"rev_slider_wrapper fullwidthbanner-container\" data-source=\"gallery\" style=\"margin:0px auto;background:transparent;padding:0px;margin-top:0px;margin-bottom:0px;\">\n<!-- START REVOLUTION SLIDER 5.4.7.3 fullwidth mode -->\n\t<div id=\"rev_slider_6_1\" class=\"rev_slider fullwidthabanner\" style=\"display:none;\" data-version=\"5.4.7.3\">\n<ul>\t<!-- SLIDE  -->\n\t<li data-index=\"rs-8\" data-transition=\"fade\" data-slotamount=\"default\" data-hideafterloop=\"0\" data-hideslideonmobile=\"off\"  data-easein=\"default\" data-easeout=\"default\" data-masterspeed=\"300\"  data-rotate=\"0\"  data-saveperformance=\"off\"  data-ssop=\"true\"  data-title=\"Slide\" data-param1=\"\" data-param2=\"\" data-param3=\"\" data-param4=\"\" data-param5=\"\" data-param6=\"\" data-param7=\"\" data-param8=\"\" data-param9=\"\" data-param10=\"\" data-description=\"\">\n\t\t<!-- MAIN IMAGE -->\n\t\t<img decoding=\"async\" src=\"https:\/\/royalpalmsmijas-slg.com\/wp-content\/plugins\/revslider\/admin\/assets\/images\/transparent.png\"  alt=\"\" title=\"Le complexe\"  data-bgposition=\"center center\" data-bgfit=\"cover\" data-bgrepeat=\"no-repeat\" class=\"rev-slidebg\" data-no-retina>\n\t\t<!-- LAYERS -->\n\n\t\t<!-- LAYER NR. 1 -->\n\t\t<div class=\"tp-caption   tp-resizeme\" \n\t\t\t id=\"slide-8-layer-11\" \n\t\t\t data-x=\"center\" data-hoffset=\"\" \n\t\t\t data-y=\"center\" data-voffset=\"\" \n\t\t\t\t\t\tdata-width=\"['none','none','none','none']\"\n\t\t\tdata-height=\"['none','none','none','none']\"\n \n\t\t\tdata-type=\"image\" \n\t\t\tdata-responsive_offset=\"on\" \n\n\t\t\tdata-frames='[{\"delay\":0,\"speed\":300,\"frame\":\"0\",\"from\":\"opacity:0;\",\"to\":\"o:1;\",\"ease\":\"Power3.easeInOut\"},{\"delay\":\"wait\",\"speed\":300,\"frame\":\"999\",\"to\":\"opacity:0;\",\"ease\":\"Power3.easeInOut\"}]'\n\t\t\tdata-textalign=\"['inherit','inherit','inherit','inherit']\"\n\t\t\tdata-paddingtop=\"[0,0,0,0]\"\n\t\t\tdata-paddingright=\"[0,0,0,0]\"\n\t\t\tdata-paddingbottom=\"[0,0,0,0]\"\n\t\t\tdata-paddingleft=\"[0,0,0,0]\"\n\n\t\t\tstyle=\"z-index: 5;\"><img decoding=\"async\" src=\"https:\/\/royalpalmmijas.com\/wp-content\/uploads\/2021\/07\/header_main_RP.jpg\" alt=\"\" data-ww=\"1460\" data-hh=\"703\" data-no-retina> <\/div>\n\t<\/li>\n<\/ul>\n<div class=\"tp-bannertimer tp-bottom\" style=\"visibility: hidden !important;\"><\/div>\t<\/div>\n<script>var htmlDiv = document.getElementById(\"rs-plugin-settings-inline-css\"); var htmlDivCss=\"\";\r\n\t\t\t\tif(htmlDiv) {\r\n\t\t\t\t\thtmlDiv.innerHTML = htmlDiv.innerHTML + htmlDivCss;\r\n\t\t\t\t}else{\r\n\t\t\t\t\tvar htmlDiv = document.createElement(\"div\");\r\n\t\t\t\t\thtmlDiv.innerHTML = \"<style>\" + htmlDivCss + \"<\/style>\";\r\n\t\t\t\t\tdocument.getElementsByTagName(\"head\")[0].appendChild(htmlDiv.childNodes[0]);\r\n\t\t\t\t}\r\n\t\t\t<\/script>\n\t\t<script type=\"text\/javascript\">\r\nif (setREVStartSize!==undefined) setREVStartSize(\r\n\t{c: '#rev_slider_6_1', gridwidth: [1240], gridheight: [464], sliderLayout: 'fullwidth'});\r\n\t\t\t\r\nvar revapi6,\r\n\ttpj;\t\r\n(function() {\t\t\t\r\n\tif (!\/loaded|interactive|complete\/.test(document.readyState)) document.addEventListener(\"DOMContentLoaded\",onLoad); else onLoad();\t\r\n\tfunction onLoad() {\t\t\t\t\r\n\t\tif (tpj===undefined) { tpj = jQuery; if(\"off\" == \"on\") tpj.noConflict();}\r\n\tif(tpj(\"#rev_slider_6_1\").revolution == undefined){\n\t\trevslider_showDoubleJqueryError(\"#rev_slider_6_1\");\n\t}else{\n\t\trevapi6 = tpj(\"#rev_slider_6_1\").show().revolution({\n\t\t\tsliderType:\"standard\",\n\t\t\tjsFileLocation:\"\/\/royalpalmsmijas-slg.com\/wp-content\/plugins\/revslider\/public\/assets\/js\/\",\n\t\t\tsliderLayout:\"fullwidth\",\n\t\t\tdottedOverlay:\"none\",\n\t\t\tdelay:6000,\n\t\t\tnavigation: {\n\t\t\t\tonHoverStop:\"off\",\n\t\t\t},\n\t\t\tvisibilityLevels:[1240,1024,778,480],\n\t\t\tgridwidth:1240,\n\t\t\tgridheight:464,\n\t\t\tlazyType:\"none\",\n\t\t\tshadow:0,\n\t\t\tspinner:\"spinner0\",\n\t\t\tstopLoop:\"off\",\n\t\t\tstopAfterLoops:-1,\n\t\t\tstopAtSlide:-1,\n\t\t\tshuffle:\"off\",\n\t\t\tautoHeight:\"off\",\n\t\t\tdisableProgressBar:\"on\",\n\t\t\thideThumbsOnMobile:\"off\",\n\t\t\thideSliderAtLimit:0,\n\t\t\thideCaptionAtLimit:0,\n\t\t\thideAllCaptionAtLilmit:0,\n\t\t\tdebugMode:false,\n\t\t\tfallbacks: {\n\t\t\t\tsimplifyAll:\"off\",\n\t\t\t\tnextSlideOnWindowFocus:\"off\",\n\t\t\t\tdisableFocusListener:false,\n\t\t\t}\n\t\t});\n\t}; \/* END OF revapi call *\/\n\t\n }; \/* END OF ON LOAD FUNCTION *\/\r\n}()); \/* END OF WRAPPING FUNCTION *\/\r\n<\/script>\r\n\t\t<\/div><!-- END REVOLUTION SLIDER --><\/div>\n\t\t<\/div>\n\t<\/div>\n\t<\/div>\n\n<\/div>\n<\/div>\n\n<div  class=\"content_row row vc_row wpb_row  default-style fullwidth\" >\n\t\n\t<div class=\"content_row_wrapper  default\" >\n\t<div id=\"asdasd\" class=\"vc_col-sm-12 wpb_column vc_column_container\" >\n\t<div class=\"vc_column-inner\">\n\t\t<div class=\"wpb_wrapper\" >\n\t\t\t\n\t<div class=\"wpb_text_column wpb_content_element\" >\n\t\t<div class=\"wpb_wrapper\">\n\t\t\t<p><strong><em>\u00c0 propos de Royal Palms IV \u2013 Mijas Costa<\/em><\/strong><\/p>\n<p><span style=\"font-weight: 400;\">Le nouveau complexe Royal Palms Mijas IV est situ\u00e9 sur les collines au-dessus de Mijas Costa avec une vue imprenable sur la mer M\u00e9diterran\u00e9e et \u00e0 proximit\u00e9 du parcours de golf de Mijas.\u00a0<\/span><\/p>\n<p><span style=\"font-weight: 400;\">Le Royal Palms a \u00e9t\u00e9 construit avec une architecture moderne par un promoteur fort de plus de 20 ans d&#039;exp\u00e9rience dans la r\u00e9alisation de nombreux complexes h\u00f4teliers prim\u00e9s. Saviez-vous que la phase I du Royal Palms a remport\u00e9 le prix 2023 dans la cat\u00e9gorie \u00ab\u00a0Projets r\u00e9sidentiels en Espagne\u00a0\u00bb de ce prestigieux concours\u00a0?\u00a0 <strong>Prix europ\u00e9ens de l&#039;immobilier<\/strong> ? Une recommandation fantastique de l\u2019industrie pour ce merveilleux d\u00e9veloppement.<\/span><\/p>\n<p><span style=\"font-weight: 400;\">Un lieu de vie ensoleill\u00e9 et\/ou un investissement s\u00fbr. Situ\u00e9e sur une colline pr\u00e8s de la c\u00f4te, au c\u0153ur de la Costa del Sol, cette ville cosmopolite offre un sentiment d&#039;appartenance imm\u00e9diat. Que vous souhaitiez vous d\u00e9tendre sur la plage, savourer de d\u00e9licieux plats et boissons, explorer la nature, faire du sport, faire du shopping ou partir \u00e0 l&#039;aventure dans l&#039;arri\u00e8re-pays, tout est possible et il y en a pour tous les go\u00fbts. Toute l&#039;ann\u00e9e, et pour ceux qui le souhaitent, 24 heures sur 24, m\u00eame apr\u00e8s le coucher du soleil.\u00a0<\/span><\/p>\n<p><span style=\"font-weight: 400;\">Dans la premi\u00e8re phase, vous pouvez choisir parmi des appartements et des penthouses magnifiquement situ\u00e9s, tous avec vue sur la mer.<\/span><\/p>\n<p style=\"text-align: left;\">ROYAL PALMS IV MAINTENANT EN VENTE\u00a0!<\/p>\n<p><span style=\"font-weight: 400;\">En mai 2021, la premi\u00e8re phase de ce magnifique complexe a officiellement \u00e9t\u00e9 inaugur\u00e9e. Josele Gonz\u00e1lez, maire de Mijas, et les promoteurs ont enfoui une capsule temporelle dans le sol, \u00e0 l&#039;endroit m\u00eame o\u00f9 ce magnifique nouveau complexe Royal Palms est en construction. \u00c0 terme, des centaines de logements seront construits sur les hauteurs de Mijas. Le projet se d\u00e9roulera en plusieurs phases et est d\u00e9sormais en vente. <strong>Royal Palms phase IV<\/strong>.<\/span><\/p>\n<p><em>Les prix de la phase IV commencent \u00e0 510 000 \u20ac pour des appartements de 2 chambres et 2 salles de bains avec des surfaces construites comprises entre 75 et 90 m2 plus une terrasse spacieuse.<\/em><\/p>\n<p>Les ventes de cette nouvelle phase s&#039;envolent \u00e0 un rythme effr\u00e9n\u00e9. La phase IV a d\u00e9but\u00e9 en d\u00e9cembre 2023 et, en janvier 2024, plus de la moiti\u00e9 des logements ont d\u00e9j\u00e0 \u00e9t\u00e9 vendus\u00a0! N&#039;h\u00e9sitez donc pas \u00e0 demander d\u00e8s maintenant la brochure pr\u00e9sentant un aper\u00e7u des maisons disponibles et des prix. Vous recevrez ensuite rapidement tous les d\u00e9tails, plans et emplacements des maisons, ainsi que leurs prix.<\/p>\n\n\t\t<\/div>\n\t<\/div>\n<div class=\"vc_btn3-container  photo-button vc_btn3-center\" ><a style=\"background-color:#bbaa85; color:#ffffff;\" class=\"vc_general vc_btn3 vc_btn3-size-lg vc_btn3-shape-square vc_btn3-style-custom\" href=\"https:\/\/royalpalmmijas.com\/meer-info\/\" title=\"Plus d&#039;infos\">PLUS D&#039;INFOS<\/a><\/div>\n\t<div class=\"wpb_text_column wpb_content_element\" >\n\t\t<div class=\"wpb_wrapper\">\n\t\t\t<ul>\n<li>Remise en forme en plein air<\/li>\n<li>Piscine de comp\u00e9tition<\/li>\n<li>Bar de la piscine<\/li>\n<li>Piscine pour enfants<\/li>\n<li>Jardins verts<\/li>\n<li>Sentiers de randonn\u00e9e jusqu&#039;\u00e0 la plage<\/li>\n<li>Excellente isolation phonique<\/li>\n<li>Garantie de construction de 10 ans<\/li>\n<li>Les meilleurs certificats \u00e9nerg\u00e9tiques<\/li>\n<li>Conditions de paiement favorables ;<\/li>\n<\/ul>\n<p><strong>Des prix:<\/strong><\/p>\n<ul>\n<li>\n<p style=\"font-weight: 400;\">Les appartements d&#039;une chambre et d&#039;une salle de bain mesurent 60 m\u00b2 et disposent d&#039;une spacieuse terrasse. Leurs prix d\u00e9butent \u00e0 420\u00a0000 \u20ac.<\/p>\n<\/li>\n<li>\n<p style=\"font-weight: 400;\">Les appartements de deux chambres et deux salles de bain, d&#039;une superficie de 75 \u00e0 90 m\u00b2, disposent d&#039;une spacieuse terrasse. Leurs prix d\u00e9butent \u00e0 620\u00a0000 \u20ac.<\/p>\n<\/li>\n<li>\n<p style=\"font-weight: 400;\">Les appartements de 3 chambres et 2 salles de bain mesurent entre 90 et 110 m\u00b2 et disposent d&#039;une spacieuse terrasse. Complet\u00a0!<\/p>\n<\/li>\n<li>\n<p style=\"font-weight: 400;\">Ces penthouses de 2 chambres et 2 salles de bains mesurent entre 90 et 120 m\u00b2 et b\u00e9n\u00e9ficient d&#039;une spacieuse terrasse. Vendu\u00a0!<\/p>\n<\/li>\n<li>\n<p style=\"font-weight: 400;\">Les penthouses de 3 chambres et 2 salles de bains mesurent entre 100 et 130 m\u00b2 et disposent d&#039;une spacieuse terrasse. Prix \u00e0 partir de 1\u00a0300\u00a0000 euros.<\/p>\n<\/li>\n<\/ul>\n<p><strong>Paiement:<\/strong><\/p>\n<ul>\n<li>d\u00e9poser 6 000 pour r\u00e9server<\/li>\n<li>avec contrat priv\u00e9 15%<\/li>\n<li>6 mois plus tard un autre 15%<\/li>\n<li>par acte authentique lors de la remise chez le notaire le montant restant de 70%<\/li>\n<\/ul>\n\n\t\t<\/div>\n\t<\/div>\n<div class=\"vc_btn3-container  photo-button vc_btn3-center\" ><a style=\"background-color:#bbaa85; color:#ffffff;\" class=\"vc_general vc_btn3 vc_btn3-size-lg vc_btn3-shape-square vc_btn3-style-custom\" href=\"https:\/\/royalpalmmijas.com\/meer-info\/\" title=\"Plus d&#039;infos\">PLUS D&#039;INFOS<\/a><\/div>\n\t\t<\/div>\n\t<\/div>\n\t<\/div>\n\n<\/div>\n<\/div>","protected":false},"excerpt":{"rendered":"<p>&#8230; <a class=\"more-link\" href=\"https:\/\/royalpalmsmijas-slg.com\/fr\/le-complexe\/\">continuer la lecture<\/a><\/p>","protected":false},"author":1,"featured_media":0,"parent":0,"menu_order":0,"comment_status":"closed","ping_status":"closed","template":"","meta":{"footnotes":""},"class_list":["post-26","page","type-page","status-publish","hentry"],"_links":{"self":[{"href":"https:\/\/royalpalmsmijas-slg.com\/fr\/wp-json\/wp\/v2\/pages\/26","targetHints":{"allow":["GET"]}}],"collection":[{"href":"https:\/\/royalpalmsmijas-slg.com\/fr\/wp-json\/wp\/v2\/pages"}],"about":[{"href":"https:\/\/royalpalmsmijas-slg.com\/fr\/wp-json\/wp\/v2\/types\/page"}],"author":[{"embeddable":true,"href":"https:\/\/royalpalmsmijas-slg.com\/fr\/wp-json\/wp\/v2\/users\/1"}],"replies":[{"embeddable":true,"href":"https:\/\/royalpalmsmijas-slg.com\/fr\/wp-json\/wp\/v2\/comments?post=26"}],"version-history":[{"count":33,"href":"https:\/\/royalpalmsmijas-slg.com\/fr\/wp-json\/wp\/v2\/pages\/26\/revisions"}],"predecessor-version":[{"id":3355,"href":"https:\/\/royalpalmsmijas-slg.com\/fr\/wp-json\/wp\/v2\/pages\/26\/revisions\/3355"}],"wp:attachment":[{"href":"https:\/\/royalpalmsmijas-slg.com\/fr\/wp-json\/wp\/v2\/media?parent=26"}],"curies":[{"name":"wp","href":"https:\/\/api.w.org\/{rel}","templated":true}]}}