{"id":26,"date":"2018-06-18T12:35:33","date_gmt":"2018-06-18T12:35:33","guid":{"rendered":"http:\/\/www.alhaurinvistagolf.com\/?page_id=26"},"modified":"2026-04-28T12:57:55","modified_gmt":"2026-04-28T12:57:55","slug":"resort-royal-palms-mijas","status":"publish","type":"page","link":"https:\/\/royalpalmsmijas-slg.com\/it\/resort-royal-palms-mijas\/","title":{"rendered":"Il complesso"},"content":{"rendered":"<div  class=\"content_row row vc_row wpb_row  default-style fullwidth\" >\n\t\n\t<div class=\"content_row_wrapper  default\" >\n\t<div id=\"asdasd\" class=\"vc_col-sm-12 wpb_column vc_column_container\" >\n\t<div class=\"vc_column-inner\">\n\t\t<div class=\"wpb_wrapper\" >\n\t\t\t<div class=\"wpb_revslider_element wpb_content_element\">\n<div id=\"rev_slider_6_1_wrapper\" class=\"rev_slider_wrapper fullwidthbanner-container\" data-source=\"gallery\" style=\"margin:0px auto;background:transparent;padding:0px;margin-top:0px;margin-bottom:0px;\">\n<!-- START REVOLUTION SLIDER 5.4.7.3 fullwidth mode -->\n\t<div id=\"rev_slider_6_1\" class=\"rev_slider fullwidthabanner\" style=\"display:none;\" data-version=\"5.4.7.3\">\n<ul>\t<!-- SLIDE  -->\n\t<li data-index=\"rs-8\" data-transition=\"fade\" data-slotamount=\"default\" data-hideafterloop=\"0\" data-hideslideonmobile=\"off\"  data-easein=\"default\" data-easeout=\"default\" data-masterspeed=\"300\"  data-rotate=\"0\"  data-saveperformance=\"off\"  data-ssop=\"true\"  data-title=\"Slide\" data-param1=\"\" data-param2=\"\" data-param3=\"\" data-param4=\"\" data-param5=\"\" data-param6=\"\" data-param7=\"\" data-param8=\"\" data-param9=\"\" data-param10=\"\" data-description=\"\">\n\t\t<!-- MAIN IMAGE -->\n\t\t<img decoding=\"async\" src=\"https:\/\/royalpalmsmijas-slg.com\/wp-content\/plugins\/revslider\/admin\/assets\/images\/transparent.png\"  alt=\"\" title=\"Il complesso\"  data-bgposition=\"center center\" data-bgfit=\"cover\" data-bgrepeat=\"no-repeat\" class=\"rev-slidebg\" data-no-retina>\n\t\t<!-- LAYERS -->\n\n\t\t<!-- LAYER NR. 1 -->\n\t\t<div class=\"tp-caption   tp-resizeme\" \n\t\t\t id=\"slide-8-layer-11\" \n\t\t\t data-x=\"center\" data-hoffset=\"\" \n\t\t\t data-y=\"center\" data-voffset=\"\" \n\t\t\t\t\t\tdata-width=\"['none','none','none','none']\"\n\t\t\tdata-height=\"['none','none','none','none']\"\n \n\t\t\tdata-type=\"image\" \n\t\t\tdata-responsive_offset=\"on\" \n\n\t\t\tdata-frames='[{\"delay\":0,\"speed\":300,\"frame\":\"0\",\"from\":\"opacity:0;\",\"to\":\"o:1;\",\"ease\":\"Power3.easeInOut\"},{\"delay\":\"wait\",\"speed\":300,\"frame\":\"999\",\"to\":\"opacity:0;\",\"ease\":\"Power3.easeInOut\"}]'\n\t\t\tdata-textalign=\"['inherit','inherit','inherit','inherit']\"\n\t\t\tdata-paddingtop=\"[0,0,0,0]\"\n\t\t\tdata-paddingright=\"[0,0,0,0]\"\n\t\t\tdata-paddingbottom=\"[0,0,0,0]\"\n\t\t\tdata-paddingleft=\"[0,0,0,0]\"\n\n\t\t\tstyle=\"z-index: 5;\"><img decoding=\"async\" src=\"https:\/\/royalpalmmijas.com\/wp-content\/uploads\/2021\/07\/header_main_RP.jpg\" alt=\"\" data-ww=\"1460\" data-hh=\"703\" data-no-retina> <\/div>\n\t<\/li>\n<\/ul>\n<div class=\"tp-bannertimer tp-bottom\" style=\"visibility: hidden !important;\"><\/div>\t<\/div>\n<script>var htmlDiv = document.getElementById(\"rs-plugin-settings-inline-css\"); var htmlDivCss=\"\";\r\n\t\t\t\tif(htmlDiv) {\r\n\t\t\t\t\thtmlDiv.innerHTML = htmlDiv.innerHTML + htmlDivCss;\r\n\t\t\t\t}else{\r\n\t\t\t\t\tvar htmlDiv = document.createElement(\"div\");\r\n\t\t\t\t\thtmlDiv.innerHTML = \"<style>\" + htmlDivCss + \"<\/style>\";\r\n\t\t\t\t\tdocument.getElementsByTagName(\"head\")[0].appendChild(htmlDiv.childNodes[0]);\r\n\t\t\t\t}\r\n\t\t\t<\/script>\n\t\t<script type=\"text\/javascript\">\r\nif (setREVStartSize!==undefined) setREVStartSize(\r\n\t{c: '#rev_slider_6_1', gridwidth: [1240], gridheight: [464], sliderLayout: 'fullwidth'});\r\n\t\t\t\r\nvar revapi6,\r\n\ttpj;\t\r\n(function() {\t\t\t\r\n\tif (!\/loaded|interactive|complete\/.test(document.readyState)) document.addEventListener(\"DOMContentLoaded\",onLoad); else onLoad();\t\r\n\tfunction onLoad() {\t\t\t\t\r\n\t\tif (tpj===undefined) { tpj = jQuery; if(\"off\" == \"on\") tpj.noConflict();}\r\n\tif(tpj(\"#rev_slider_6_1\").revolution == undefined){\n\t\trevslider_showDoubleJqueryError(\"#rev_slider_6_1\");\n\t}else{\n\t\trevapi6 = tpj(\"#rev_slider_6_1\").show().revolution({\n\t\t\tsliderType:\"standard\",\n\t\t\tjsFileLocation:\"\/\/royalpalmsmijas-slg.com\/wp-content\/plugins\/revslider\/public\/assets\/js\/\",\n\t\t\tsliderLayout:\"fullwidth\",\n\t\t\tdottedOverlay:\"none\",\n\t\t\tdelay:6000,\n\t\t\tnavigation: {\n\t\t\t\tonHoverStop:\"off\",\n\t\t\t},\n\t\t\tvisibilityLevels:[1240,1024,778,480],\n\t\t\tgridwidth:1240,\n\t\t\tgridheight:464,\n\t\t\tlazyType:\"none\",\n\t\t\tshadow:0,\n\t\t\tspinner:\"spinner0\",\n\t\t\tstopLoop:\"off\",\n\t\t\tstopAfterLoops:-1,\n\t\t\tstopAtSlide:-1,\n\t\t\tshuffle:\"off\",\n\t\t\tautoHeight:\"off\",\n\t\t\tdisableProgressBar:\"on\",\n\t\t\thideThumbsOnMobile:\"off\",\n\t\t\thideSliderAtLimit:0,\n\t\t\thideCaptionAtLimit:0,\n\t\t\thideAllCaptionAtLilmit:0,\n\t\t\tdebugMode:false,\n\t\t\tfallbacks: {\n\t\t\t\tsimplifyAll:\"off\",\n\t\t\t\tnextSlideOnWindowFocus:\"off\",\n\t\t\t\tdisableFocusListener:false,\n\t\t\t}\n\t\t});\n\t}; \/* END OF revapi call *\/\n\t\n }; \/* END OF ON LOAD FUNCTION *\/\r\n}()); \/* END OF WRAPPING FUNCTION *\/\r\n<\/script>\r\n\t\t<\/div><!-- END REVOLUTION SLIDER --><\/div>\n\t\t<\/div>\n\t<\/div>\n\t<\/div>\n\n<\/div>\n<\/div>\n\n<div  class=\"content_row row vc_row wpb_row  default-style fullwidth\" >\n\t\n\t<div class=\"content_row_wrapper  default\" >\n\t<div id=\"asdasd\" class=\"vc_col-sm-12 wpb_column vc_column_container\" >\n\t<div class=\"vc_column-inner\">\n\t\t<div class=\"wpb_wrapper\" >\n\t\t\t\n\t<div class=\"wpb_text_column wpb_content_element\" >\n\t\t<div class=\"wpb_wrapper\">\n\t\t\t<p><strong><em>Informazioni su Royal Palms IV \u2013 Mijas Costa<\/em><\/strong><\/p>\n<p><span style=\"font-weight: 400;\">Il resort Royal Palms Mijas IV di nuova costruzione si trova sulle colline sopra Mijas Costa con viste imbattibili sul Mar Mediterraneo e vicino al campo da golf di Mijas.\u00a0<\/span><\/p>\n<p><span style=\"font-weight: 400;\">Royal Palms \u00e8 stato costruito con un&#039;architettura moderna da uno sviluppatore con oltre 20 anni di esperienza nella realizzazione di numerosi resort pluripremiati. Sapevate che Royal Palms Phase I ha vinto il premio &quot;Sviluppi residenziali in Spagna&quot; del prestigioso concorso nel 2023?\u00a0 <strong>Premi immobiliari europei<\/strong> ? Una fantastica raccomandazione da parte del settore per questo meraviglioso sviluppo.<\/span><\/p>\n<p><span style=\"font-weight: 400;\">Un luogo soleggiato in cui vivere e\/o un investimento sicuro e affidabile. Situato su una collina vicino alla costa, nel cuore della Costa del Sol. Nel cuore di questa citt\u00e0 cosmopolita, tutti si sentono subito a casa. Che vogliate rilassarvi sulla spiaggia sabbiosa, gustare cibo e bevande deliziosi, esplorare la natura, praticare sport, fare shopping o cercare avventure nell&#039;entroterra, tutto \u00e8 possibile e ce n&#039;\u00e8 per tutti i gusti. Tutto l&#039;anno e, per chi lo desidera, 24 ore su 24, anche dopo il tramonto.\u00a0<\/span><\/p>\n<p><span style=\"font-weight: 400;\">Nella prima fase potrete scegliere tra appartamenti e attici in splendide posizioni, tutti con vista mare.<\/span><\/p>\n<p style=\"text-align: left;\">ROYAL PALMS IV ORA IN VENDITA!<\/p>\n<p><span style=\"font-weight: 400;\">A maggio 2021, la prima fase di questo fantastico complesso \u00e8 ufficialmente iniziata. Josele Gonz\u00e1lez, sindaco di Mijas, insieme agli sviluppatori, ha seppellito una capsula del tempo in profondit\u00e0 nel terreno dove sorger\u00e0 questo splendido nuovo complesso Royal Palms. Alla fine, centinaia di case saranno costruite sulle colline di Mijas. Il progetto sar\u00e0 sviluppato in diverse fasi. \u00c8 ora in vendita. <strong>Palme Reali fase IV<\/strong>.<\/span><\/p>\n<p><em>I prezzi della Fase IV partono da \u20ac 510.000 per appartamenti con 2 camere da letto e 2 bagni, con superficie edificabile compresa tra 75 e 90 m2, pi\u00f9 un&#039;ampia terrazza.<\/em><\/p>\n<p>Le vendite di questa nuova fase stanno procedendo a ritmo serrato. Le vendite della fase IV sono iniziate a dicembre 2023 e ora, a gennaio 2024, pi\u00f9 della met\u00e0 \u00e8 gi\u00e0 stata venduta! Quindi affrettatevi e richiedete subito la brochure con una panoramica delle case disponibili e dei relativi prezzi. Riceverete rapidamente tutti i dettagli, le planimetrie e le posizioni delle case, insieme ai relativi prezzi.<\/p>\n\n\t\t<\/div>\n\t<\/div>\n<div class=\"vc_btn3-container  photo-button vc_btn3-center\" ><a style=\"background-color:#bbaa85; color:#ffffff;\" class=\"vc_general vc_btn3 vc_btn3-size-lg vc_btn3-shape-square vc_btn3-style-custom\" href=\"https:\/\/royalpalmmijas.com\/meer-info\/\" title=\"Ulteriori informazioni\">ULTERIORI INFORMAZIONI<\/a><\/div>\n\t<div class=\"wpb_text_column wpb_content_element\" >\n\t\t<div class=\"wpb_wrapper\">\n\t\t\t<ul>\n<li>Fitness all&#039;aperto<\/li>\n<li>Piscina da competizione<\/li>\n<li>Bar della piscina<\/li>\n<li>Piscina per bambini<\/li>\n<li>Giardini Verdi<\/li>\n<li>Sentieri per la spiaggia<\/li>\n<li>Ottimo isolamento acustico<\/li>\n<li>10 anni di garanzia sulla costruzione<\/li>\n<li>I migliori certificati energetici<\/li>\n<li>Condizioni di pagamento favorevoli;<\/li>\n<\/ul>\n<p><strong>Prezzi:<\/strong><\/p>\n<ul>\n<li>\n<p style=\"font-weight: 400;\">Gli appartamenti con una camera da letto e un bagno hanno una superficie di 60 m\u00b2 e un&#039;ampia terrazza.\u00a0<strong>VENDUTO !<\/strong><\/p>\n<\/li>\n<li>\n<p style=\"font-weight: 400;\">Gli appartamenti, con due camere da letto e due bagni, hanno una superficie che varia dai 75 ai 90 m2 e includono un&#039;ampia terrazza.\u00a0<strong>VENDUTO !<\/strong><\/p>\n<\/li>\n<li>\n<p style=\"font-weight: 400;\">Gli appartamenti con 3 camere da letto e 2 bagni hanno una superficie edificata compresa tra 90 e 110 m2 pi\u00f9 un&#039;ampia terrazza \u2013 <strong>a partire da 929.000 euro<\/strong><\/p>\n<\/li>\n<li>\n<p style=\"font-weight: 400;\">Gli attici con due camere da letto e due bagni hanno una superficie costruita compresa tra 90 e 120 m2, oltre a una spaziosa terrazza.\u00a0<strong>VENDUTO !<\/strong><\/p>\n<\/li>\n<li>\n<p style=\"font-weight: 400;\">Gli attici, dotati di 3 camere da letto e 2 bagni, hanno una superficie edificata compresa tra 100 e 130 m2, oltre a un&#039;ampia terrazza.\u00a0\u00a0<strong>a partire da 1.400.000 euro<\/strong><\/p>\n<\/li>\n<\/ul>\n<p><strong>Pagamento:<\/strong><\/p>\n<ul>\n<li>depositare 6.000 da riservare<\/li>\n<li>con contratto privato 15%<\/li>\n<li>6 mesi dopo un altro 15%<\/li>\n<li>con atto notarile in contrassegno il residuo importo di 70%<\/li>\n<\/ul>\n\n\t\t<\/div>\n\t<\/div>\n<div class=\"vc_btn3-container  photo-button vc_btn3-center\" ><a style=\"background-color:#bbaa85; color:#ffffff;\" class=\"vc_general vc_btn3 vc_btn3-size-lg vc_btn3-shape-square vc_btn3-style-custom\" href=\"https:\/\/royalpalmmijas.com\/meer-info\/\" title=\"Ulteriori informazioni\">ULTERIORI INFORMAZIONI<\/a><\/div>\n\t\t<\/div>\n\t<\/div>\n\t<\/div>\n\n<\/div>\n<\/div>","protected":false},"excerpt":{"rendered":"<p>&#8230; <a class=\"more-link\" href=\"https:\/\/royalpalmsmijas-slg.com\/it\/resort-royal-palms-mijas\/\">Continua a leggere<\/a><\/p>","protected":false},"author":1,"featured_media":0,"parent":0,"menu_order":0,"comment_status":"closed","ping_status":"closed","template":"","meta":{"footnotes":""},"class_list":["post-26","page","type-page","status-publish","hentry"],"_links":{"self":[{"href":"https:\/\/royalpalmsmijas-slg.com\/it\/wp-json\/wp\/v2\/pages\/26","targetHints":{"allow":["GET"]}}],"collection":[{"href":"https:\/\/royalpalmsmijas-slg.com\/it\/wp-json\/wp\/v2\/pages"}],"about":[{"href":"https:\/\/royalpalmsmijas-slg.com\/it\/wp-json\/wp\/v2\/types\/page"}],"author":[{"embeddable":true,"href":"https:\/\/royalpalmsmijas-slg.com\/it\/wp-json\/wp\/v2\/users\/1"}],"replies":[{"embeddable":true,"href":"https:\/\/royalpalmsmijas-slg.com\/it\/wp-json\/wp\/v2\/comments?post=26"}],"version-history":[{"count":34,"href":"https:\/\/royalpalmsmijas-slg.com\/it\/wp-json\/wp\/v2\/pages\/26\/revisions"}],"predecessor-version":[{"id":3360,"href":"https:\/\/royalpalmsmijas-slg.com\/it\/wp-json\/wp\/v2\/pages\/26\/revisions\/3360"}],"wp:attachment":[{"href":"https:\/\/royalpalmsmijas-slg.com\/it\/wp-json\/wp\/v2\/media?parent=26"}],"curies":[{"name":"parola chiave","href":"https:\/\/api.w.org\/{rel}","templated":true}]}}